{"id":2011,"date":"2021-03-14T13:17:57","date_gmt":"2021-03-14T13:17:57","guid":{"rendered":"https:\/\/www.fum.it\/informativa-privacy-amministratori-e-sindaci\/"},"modified":"2021-03-24T18:21:51","modified_gmt":"2021-03-24T18:21:51","slug":"informativa-privacy-amministratori-e-sindaci","status":"publish","type":"page","link":"https:\/\/www.fum.it\/en\/informativa-privacy-amministratori-e-sindaci\/","title":{"rendered":"Informativa privacy amministratori e sindaci"},"content":{"rendered":"<p><strong>INFORMATIVA AMMINISTRATORI E SINDACI<\/strong><\/p>\n<p><strong>AI SENSI DELL\u2019ART. 13 DEL REGOLAMENTO UE 2016\/679<\/strong><\/p>\n<p>Ai sensi dell&#8217;articolo 13 del Regolamento UE 679\/2016 (di seguito anche \u201cRegolamento\u201d), la Societ\u00e0 FRANCHI UMBERTO MARMI S.P.A., in qualit\u00e0 di Titolare del trattamento dei dati, La informa che i dati personali da Lei forniti saranno trattati in modo pertinente e trasparente e nel rispetto dei principi di liceit\u00e0 e necessit\u00e0, secondo le vigenti disposizioni in materia e nell\u2019ambito del rapporto di collaborazione professionale in essere legato al suo ruolo di consigliere di amministrazione o di membro del collegio sindacale.<\/p>\n<p><strong>Titolare del trattamento<\/strong><\/p>\n<p>Il Titolare del trattamento \u00e8 FRANCHI UMBERTO MARMI S.P.A.con sede in Carrara, Via Del Bravo, n. 14-16 (di seguito, anche solo \u201cFRANCHI UMBERTO MARMI\u201d o la \u201cSociet\u00e0\u201d), che pu\u00f2 essere contattato mediante: comunicazione scritta indirizzata a FRANCHI UMBERTO MARMI S.P.A., Via Del Bravo, n. 14-16 Carrara (MS) 54033, per telefono al n. 0585 70057, per e-mail all\u2019indirizzo fragroup@tin.it<\/p>\n<p><strong>Finalit\u00e0 del Trattamento<\/strong><\/p>\n<p>La informiamo che il trattamento dei dati personali avverr\u00e0 per finalit\u00e0 istituzionali, connesse o strumentali all&#8217;attivit\u00e0 svolta dal Titolare del trattamento, e quindi per:<\/p>\n<p>l\u2019instaurazione ed esecuzione dell\u2019incarico conferitoLe dall\u2019Assemblea dei Soci;<br \/>\nadempiere ad obblighi di legge discendenti dal rapporto di collaborazione legato al suo ruolo di natura contabile, amministrativa e previdenziale (incluse le relative finalit\u00e0 amministrative, contabili, retributive, assicurative, previdenziali e fiscali);<br \/>\nadempiere a tutti gli obblighi di legge posti a carico del Titolare del trattamento.<br \/>\nl\u2019adempimento di obblighi amministrativi, societari, normativi e fiscali, nonch\u00e9 di ogni altro obbligo previsto da leggi, regolamenti e\/o normative comunitarie, ovvero di altre autorit\u00e0 legittimate dalla legge o da organi di vigilanza e controllo;<br \/>\nl\u2019archiviazione e gestione amministrativa e contabile dei dati;<br \/>\nla costituzione in giudizio ed esercizio dei diritti di difesa della Societ\u00e0;<br \/>\nconsentire alla Societ\u00e0 di svolgere o prendere parte, gestire od organizzare operazioni societarie, ivi incluse fusioni, acquisizioni e ristrutturazioni.<br \/>\nBase giuridica del trattamento<\/p>\n<p>La base giuridica del trattamento dei dati \u00e8 rappresentata dallo specifico incarico conferitoLe dall\u2019Assemblea dei Soci e dall\u2019adempimento agli obblighi di legge ad esso connessi. Il trattamento dei dati da lei forniti \u00e8 necessario all\u2019esecuzione del rapporto contrattuale citato del quale lei \u00e8 parte. L\u2019eventuale mancato consenso al trattamento comporta l\u2019impossibilit\u00e0 di procedere alla esecuzione del contratto stesso.<\/p>\n<p>Nello specifico il trattamento dei suoi dati personali per le finalit\u00e0 di cui ai punti (i), (ii), (iii), (iv) e (v) \u00e8 necessario e funzionale allo svolgimento del rapporto con la Societ\u00e0; mentre per le finalit\u00e0 di cui alle lettere (vi) e (vii) il trattamento dei suoi dati si basa sul legittimo interesse della Societ\u00e0 a porre in essere una corretta gestione. Senza i suoi dati la Societ\u00e0 potrebbe adempiere agli obblighi suddetti, in tutto o in parte.<\/p>\n<p><strong>Modalit\u00e0 del trattamento dei dati<\/strong><\/p>\n<p>Il trattamento dei dati per le finalit\u00e0 esposte ha luogo, da parte di personale individuato per iscritto tra coloro ai quali sono state fornite specifiche istruzioni operative. Il trattamento dei dati personali avverr\u00e0 mediante strumenti cartacei, informatici o telematici e previa adozione di misure di sicurezza adeguate a garantire la sicurezza e la riservatezza dei suoi dati personali.<\/p>\n<p><strong>Periodo di conservazione dei dati personali<\/strong><\/p>\n<p>Nel rispetto dei principi di proporzionalit\u00e0 e necessit\u00e0, i dati per periodi di tempo diversi a seconda della finalit\u00e0 per la quale sono trattati dalla Societ\u00e0, in conformit\u00e0 alla normativa privacy tempo per tempo applicabile, in particolare, per tutta la durata dei rapporti in essere e, in conformit\u00e0 alla normativa vigente per un periodo di 10 anni dal momento della cessazione del suo rapporto con la Societ\u00e0 o, in caso di contestazioni, per il termine prescrizionale previsto dalla normativa per la tutela dei diritti connessi, fatti salvi in ogni caso periodi di conservazione maggiori previsti da specifiche normative di settore.<\/p>\n<p><strong>Destinatari dei dati personali<\/strong><\/p>\n<p>I suoi dati possono essere diffusi in adempimento di un obbligo di legge, regolamento o normativa comunitaria, ovvero in base a disposizioni impartite da Autorit\u00e0 a ci\u00f2 legittimate dalla legge o da organi di vigilanza e controllo.<\/p>\n<p>I dati raccolti saranno trattati esclusivamente nell\u2019ambito delle finalit\u00e0 sopra menzionate.<\/p>\n<p>I dati personali potranno essere trasferiti anche ad autonomi Titolari, contitolari e responsabili esterni del trattamento in ottemperanza alle norme stabilite dal Regolamento UE n. 679\/2016 e dalle altre norme vigenti applicabili.<\/p>\n<p><strong>Diritti dell\u2019interessato (art. 15 e ss. del Regolamento)<\/strong><\/p>\n<p>Lei ha il diritto di chiedere al Titolare del trattamento l&#8217;accesso ai propri dati, la rettifica, la cancellazione degli stessi e la limitazione del trattamento che lo riguarda. L\u2019interessato pu\u00f2 opporsi al trattamento dei propri dati ed esercitare il diritto alla portabilit\u00e0 degli stessi nonch\u00e9 proporre reclamo all\u2019Autorit\u00e0 Garante per la protezione dei dati personali ai sensi dell\u2019art. 77 del Regolamento UE 679\/2016<\/p>\n","protected":false},"excerpt":{"rendered":"<p>INFORMATIVA AMMINISTRATORI E SINDACI AI SENSI DELL\u2019ART. 13 DEL REGOLAMENTO UE 2016\/679 Ai sensi dell&#8217;articolo 13 del Regolamento UE 679\/2016 (di seguito anche \u201cRegolamento\u201d), la Societ\u00e0 FRANCHI UMBERTO MARMI S.P.A., in qualit\u00e0 di Titolare del trattamento dei dati, La informa che i dati personali da Lei forniti saranno trattati in modo pertinente e trasparente e [&hellip;]<\/p>\n","protected":false},"author":1,"featured_media":0,"parent":0,"menu_order":18,"comment_status":"closed","ping_status":"closed","template":"","meta":{"_acf_changed":false,"footnotes":""},"class_list":["post-2011","page","type-page","status-publish","hentry"],"acf":[],"yoast_head":"<!-- This site is optimized with the Yoast SEO plugin v27.5 - https:\/\/yoast.com\/product\/yoast-seo-wordpress\/ -->\n<title>Informativa privacy amministratori e sindaci - Franchi Umberto Marmi<\/title>\n<meta name=\"robots\" content=\"index, follow, max-snippet:-1, max-image-preview:large, max-video-preview:-1\" \/>\n<link rel=\"canonical\" href=\"https:\/\/www.fum.it\/en\/informativa-privacy-amministratori-e-sindaci\/\" \/>\n<meta property=\"og:locale\" content=\"en_US\" \/>\n<meta property=\"og:type\" content=\"article\" \/>\n<meta property=\"og:title\" content=\"Informativa privacy amministratori e sindaci - Franchi Umberto Marmi\" \/>\n<meta property=\"og:description\" content=\"INFORMATIVA AMMINISTRATORI E SINDACI AI SENSI DELL\u2019ART. 13 DEL REGOLAMENTO UE 2016\/679 Ai sensi dell&#8217;articolo 13 del Regolamento UE 679\/2016 (di seguito anche \u201cRegolamento\u201d), la Societ\u00e0 FRANCHI UMBERTO MARMI S.P.A., in qualit\u00e0 di Titolare del trattamento dei dati, La informa che i dati personali da Lei forniti saranno trattati in modo pertinente e trasparente e [&hellip;]\" \/>\n<meta property=\"og:url\" content=\"https:\/\/www.fum.it\/en\/informativa-privacy-amministratori-e-sindaci\/\" \/>\n<meta property=\"og:site_name\" content=\"Franchi Umberto Marmi\" \/>\n<meta property=\"article:modified_time\" content=\"2021-03-24T18:21:51+00:00\" \/>\n<meta property=\"og:image\" content=\"https:\/\/www.fum.it\/wp-content\/uploads\/2021\/01\/DSC05211-Pano-Large.jpg\" \/>\n\t<meta property=\"og:image:width\" content=\"1920\" \/>\n\t<meta property=\"og:image:height\" content=\"857\" \/>\n\t<meta property=\"og:image:type\" content=\"image\/jpeg\" \/>\n<meta name=\"twitter:card\" content=\"summary_large_image\" \/>\n<meta name=\"twitter:label1\" content=\"Est. reading time\" \/>\n\t<meta name=\"twitter:data1\" content=\"4 minutes\" \/>\n<script type=\"application\/ld+json\" class=\"yoast-schema-graph\">{\"@context\":\"https:\\\/\\\/schema.org\",\"@graph\":[{\"@type\":\"WebPage\",\"@id\":\"https:\\\/\\\/www.fum.it\\\/en\\\/informativa-privacy-amministratori-e-sindaci\\\/\",\"url\":\"https:\\\/\\\/www.fum.it\\\/en\\\/informativa-privacy-amministratori-e-sindaci\\\/\",\"name\":\"Informativa privacy amministratori e sindaci - Franchi Umberto Marmi\",\"isPartOf\":{\"@id\":\"https:\\\/\\\/www.fum.it\\\/en\\\/#website\"},\"datePublished\":\"2021-03-14T13:17:57+00:00\",\"dateModified\":\"2021-03-24T18:21:51+00:00\",\"breadcrumb\":{\"@id\":\"https:\\\/\\\/www.fum.it\\\/en\\\/informativa-privacy-amministratori-e-sindaci\\\/#breadcrumb\"},\"inLanguage\":\"en-US\",\"potentialAction\":[{\"@type\":\"ReadAction\",\"target\":[\"https:\\\/\\\/www.fum.it\\\/en\\\/informativa-privacy-amministratori-e-sindaci\\\/\"]}]},{\"@type\":\"BreadcrumbList\",\"@id\":\"https:\\\/\\\/www.fum.it\\\/en\\\/informativa-privacy-amministratori-e-sindaci\\\/#breadcrumb\",\"itemListElement\":[{\"@type\":\"ListItem\",\"position\":1,\"name\":\"Home\",\"item\":\"https:\\\/\\\/www.fum.it\\\/en\\\/\"},{\"@type\":\"ListItem\",\"position\":2,\"name\":\"Informativa privacy amministratori e sindaci\"}]},{\"@type\":\"WebSite\",\"@id\":\"https:\\\/\\\/www.fum.it\\\/en\\\/#website\",\"url\":\"https:\\\/\\\/www.fum.it\\\/en\\\/\",\"name\":\"Franchi Umberto Marmi\",\"description\":\"Marmo di Carrara dal 1971 - wonderFUM\",\"publisher\":{\"@id\":\"https:\\\/\\\/www.fum.it\\\/en\\\/#organization\"},\"alternateName\":\"FUM\",\"potentialAction\":[{\"@type\":\"SearchAction\",\"target\":{\"@type\":\"EntryPoint\",\"urlTemplate\":\"https:\\\/\\\/www.fum.it\\\/en\\\/?s={search_term_string}\"},\"query-input\":{\"@type\":\"PropertyValueSpecification\",\"valueRequired\":true,\"valueName\":\"search_term_string\"}}],\"inLanguage\":\"en-US\"},{\"@type\":\"Organization\",\"@id\":\"https:\\\/\\\/www.fum.it\\\/en\\\/#organization\",\"name\":\"Franchi Umberto Marmi SPA\",\"alternateName\":\"FUM\",\"url\":\"https:\\\/\\\/www.fum.it\\\/en\\\/\",\"logo\":{\"@type\":\"ImageObject\",\"inLanguage\":\"en-US\",\"@id\":\"https:\\\/\\\/www.fum.it\\\/en\\\/#\\\/schema\\\/logo\\\/image\\\/\",\"url\":\"https:\\\/\\\/www.fum.it\\\/wp-content\\\/uploads\\\/2023\\\/08\\\/FUM_LOGO.png\",\"contentUrl\":\"https:\\\/\\\/www.fum.it\\\/wp-content\\\/uploads\\\/2023\\\/08\\\/FUM_LOGO.png\",\"width\":870,\"height\":870,\"caption\":\"Franchi Umberto Marmi SPA\"},\"image\":{\"@id\":\"https:\\\/\\\/www.fum.it\\\/en\\\/#\\\/schema\\\/logo\\\/image\\\/\"}}]}<\/script>\n<!-- \/ Yoast SEO plugin. -->","yoast_head_json":{"title":"Informativa privacy amministratori e sindaci - Franchi Umberto Marmi","robots":{"index":"index","follow":"follow","max-snippet":"max-snippet:-1","max-image-preview":"max-image-preview:large","max-video-preview":"max-video-preview:-1"},"canonical":"https:\/\/www.fum.it\/en\/informativa-privacy-amministratori-e-sindaci\/","og_locale":"en_US","og_type":"article","og_title":"Informativa privacy amministratori e sindaci - Franchi Umberto Marmi","og_description":"INFORMATIVA AMMINISTRATORI E SINDACI AI SENSI DELL\u2019ART. 13 DEL REGOLAMENTO UE 2016\/679 Ai sensi dell&#8217;articolo 13 del Regolamento UE 679\/2016 (di seguito anche \u201cRegolamento\u201d), la Societ\u00e0 FRANCHI UMBERTO MARMI S.P.A., in qualit\u00e0 di Titolare del trattamento dei dati, La informa che i dati personali da Lei forniti saranno trattati in modo pertinente e trasparente e [&hellip;]","og_url":"https:\/\/www.fum.it\/en\/informativa-privacy-amministratori-e-sindaci\/","og_site_name":"Franchi Umberto Marmi","article_modified_time":"2021-03-24T18:21:51+00:00","og_image":[{"width":1920,"height":857,"url":"https:\/\/www.fum.it\/wp-content\/uploads\/2021\/01\/DSC05211-Pano-Large.jpg","type":"image\/jpeg"}],"twitter_card":"summary_large_image","twitter_misc":{"Est. reading time":"4 minutes"},"schema":{"@context":"https:\/\/schema.org","@graph":[{"@type":"WebPage","@id":"https:\/\/www.fum.it\/en\/informativa-privacy-amministratori-e-sindaci\/","url":"https:\/\/www.fum.it\/en\/informativa-privacy-amministratori-e-sindaci\/","name":"Informativa privacy amministratori e sindaci - Franchi Umberto Marmi","isPartOf":{"@id":"https:\/\/www.fum.it\/en\/#website"},"datePublished":"2021-03-14T13:17:57+00:00","dateModified":"2021-03-24T18:21:51+00:00","breadcrumb":{"@id":"https:\/\/www.fum.it\/en\/informativa-privacy-amministratori-e-sindaci\/#breadcrumb"},"inLanguage":"en-US","potentialAction":[{"@type":"ReadAction","target":["https:\/\/www.fum.it\/en\/informativa-privacy-amministratori-e-sindaci\/"]}]},{"@type":"BreadcrumbList","@id":"https:\/\/www.fum.it\/en\/informativa-privacy-amministratori-e-sindaci\/#breadcrumb","itemListElement":[{"@type":"ListItem","position":1,"name":"Home","item":"https:\/\/www.fum.it\/en\/"},{"@type":"ListItem","position":2,"name":"Informativa privacy amministratori e sindaci"}]},{"@type":"WebSite","@id":"https:\/\/www.fum.it\/en\/#website","url":"https:\/\/www.fum.it\/en\/","name":"Franchi Umberto Marmi","description":"Marmo di Carrara dal 1971 - wonderFUM","publisher":{"@id":"https:\/\/www.fum.it\/en\/#organization"},"alternateName":"FUM","potentialAction":[{"@type":"SearchAction","target":{"@type":"EntryPoint","urlTemplate":"https:\/\/www.fum.it\/en\/?s={search_term_string}"},"query-input":{"@type":"PropertyValueSpecification","valueRequired":true,"valueName":"search_term_string"}}],"inLanguage":"en-US"},{"@type":"Organization","@id":"https:\/\/www.fum.it\/en\/#organization","name":"Franchi Umberto Marmi SPA","alternateName":"FUM","url":"https:\/\/www.fum.it\/en\/","logo":{"@type":"ImageObject","inLanguage":"en-US","@id":"https:\/\/www.fum.it\/en\/#\/schema\/logo\/image\/","url":"https:\/\/www.fum.it\/wp-content\/uploads\/2023\/08\/FUM_LOGO.png","contentUrl":"https:\/\/www.fum.it\/wp-content\/uploads\/2023\/08\/FUM_LOGO.png","width":870,"height":870,"caption":"Franchi Umberto Marmi SPA"},"image":{"@id":"https:\/\/www.fum.it\/en\/#\/schema\/logo\/image\/"}}]}},"_links":{"self":[{"href":"https:\/\/www.fum.it\/en\/wp-json\/wp\/v2\/pages\/2011","targetHints":{"allow":["GET"]}}],"collection":[{"href":"https:\/\/www.fum.it\/en\/wp-json\/wp\/v2\/pages"}],"about":[{"href":"https:\/\/www.fum.it\/en\/wp-json\/wp\/v2\/types\/page"}],"author":[{"embeddable":true,"href":"https:\/\/www.fum.it\/en\/wp-json\/wp\/v2\/users\/1"}],"replies":[{"embeddable":true,"href":"https:\/\/www.fum.it\/en\/wp-json\/wp\/v2\/comments?post=2011"}],"version-history":[{"count":1,"href":"https:\/\/www.fum.it\/en\/wp-json\/wp\/v2\/pages\/2011\/revisions"}],"predecessor-version":[{"id":8789,"href":"https:\/\/www.fum.it\/en\/wp-json\/wp\/v2\/pages\/2011\/revisions\/8789"}],"wp:attachment":[{"href":"https:\/\/www.fum.it\/en\/wp-json\/wp\/v2\/media?parent=2011"}],"curies":[{"name":"wp","href":"https:\/\/api.w.org\/{rel}","templated":true}]}}